{"id":3,"date":"2021-02-06T20:18:21","date_gmt":"2021-02-06T19:18:21","guid":{"rendered":"http:\/\/untold.viralcode.pl\/?page_id=3"},"modified":"2024-02-12T14:43:53","modified_gmt":"2024-02-12T13:43:53","slug":"polityka-prywatnosci","status":"publish","type":"page","link":"https:\/\/untold.com.pl\/pl\/polityka-prywatnosci\/","title":{"rendered":"Polityka prywatno\u015bci"},"content":{"rendered":"\t\t<div data-elementor-type=\"wp-page\" data-elementor-id=\"3\" class=\"elementor elementor-3\">\n\t\t\t\t\t\t\t\t\t<section class=\"elementor-section elementor-top-section elementor-element elementor-element-2148ffa9 elementor-section-boxed elementor-section-height-default elementor-section-height-default qodef-elementor-content-no\" data-id=\"2148ffa9\" data-element_type=\"section\">\n\t\t\t\t\t\t<div class=\"elementor-container elementor-column-gap-default\">\n\t\t\t\t\t<div class=\"elementor-column elementor-col-100 elementor-top-column elementor-element elementor-element-1ecb05f1\" data-id=\"1ecb05f1\" data-element_type=\"column\">\n\t\t\t<div class=\"elementor-widget-wrap elementor-element-populated\">\n\t\t\t\t\t\t\t\t<div class=\"elementor-element elementor-element-da4af60 legal-note elementor-widget elementor-widget-text-editor\" data-id=\"da4af60\" data-element_type=\"widget\" data-widget_type=\"text-editor.default\">\n\t\t\t\t<div class=\"elementor-widget-container\">\n\t\t\t\t\t\t\t<p><strong>Polityka Prywatno\u015bci i plik\u00f3w cookies<\/strong><\/p>\n<p>Celem niniejszej informacji o polityce ochrony prywatno\u015bci jest wyja\u015bnienie, w jaki spos\u00f3b i do jakich cel\u00f3w wykorzystujemy Pana\/Pani dane osobowe, a tak\u017ce w jakim celu wykorzystywane s\u0105 pliki cookies. Prosimy o uwa\u017cne zapoznanie si\u0119 z tre\u015bci\u0105 niniejszej informacji.<\/p>\n<p><strong>1.Kt\u00f3ry podmiot prawny b\u0119dzie wykorzystywa\u0107 Pa\u0144stwa dane osobowe?<\/strong><\/p>\n<p>Administratorem Pa\u0144stwa danych osobowych jest Aleksandra Strugalska prowadz\u0105ca dzia\u0142alno\u015b\u0107 gospodarcz\u0105 pod firm\u0105 FIDELIO Aleksandra Strugalska, ul. Zb\u0105szy\u0144ska 4 pok.1, \u0141\u00f3d\u017a 91-342, NIP: 726 254 78 32 (zwany dalej \u201eFIDELIO\u201d).<\/p>\n<p>Adres do korespondencji Administratora:<\/p>\n<p>FIDELIO Aleksandra Strugalska<\/p>\n<p>ul. Zb\u0105szy\u0144ska 4 pok.1, \u0141\u00f3d\u017a 91-342<\/p>\n<p><strong>2. W jaki spos\u00f3b b\u0119dziemy wykorzystywa\u0107 Pana\/Pani dane osobowe?<\/strong><\/p>\n<p>FIDELIO b\u0119dzie wykorzystywa\u0107 Pana\/Pani dane osobowe do cel\u00f3w:<\/p>\n<ol type=\"a\">\n<li>wykonania i zapewnienia najwy\u017cszej jako\u015bci us\u0142ug z zakresu rozwoju osobistego i biznesowego i us\u0142ug z tym zwi\u0105zanych (podstawa przetwarzania &#8211; art. 6 ust. 1 lit. a) oraz lit. b) Rozporz\u0105dzenia Parlamentu Europejskiego i Rady (UE) 2016\/679 z dnia 27 kwietnia 2016 roku w sprawie ochrony os\u00f3b fizycznych w zwi\u0105zku z przetwarzaniem danych osobowych i w sprawie swobodnego przep\u0142ywu takich danych oraz uchylenia dyrektywy 95\/46\/WE \u2013 zwanego dalej \u201eRODO\u201d);<\/li>\n<li>wykonania i zapewnienia najwy\u017cszej jako\u015bci us\u0142ugi sklepu internetowego, w tym obs\u0142ugi i realizacji zam\u00f3wie\u0144 (podstawa przetwarzania &#8211; art. 6 ust. 1 lit. a) oraz lit. b) RODO);<\/li>\n<li>realizacji obowi\u0105zk\u00f3w podatkowych i ksi\u0119gowych (podstawa przetwarzania &#8211; art. 6 ust. 1 lit. c RODO w zw. z przepisami powszechnie obowi\u0105zuj\u0105cymi reguluj\u0105cymi kwestie podatkowe oraz rachunkowo-ksi\u0119gowe);<\/li>\n<li>komunikacji (podstawa przetwarzania &#8211; art. 6 ust. 1 lit. a) RODO);<\/li>\n<li>dzia\u0142a\u0144 marketingowych i promocyjnych (podstawa przetwarzania &#8211; art. 6 ust. 1 lit. a) RODO);<\/li>\n<li>obs\u0142ugi komentarzy na blogu (podstawa przetwarzania &#8211; art. 6 ust. 1 lit. f RODO);<\/li>\n<li>zapewnienia funkcjonowania komentarzy (podstawa przetwarzania &#8211;&nbsp;art. 6 ust. 1 lit. f RODO);<\/li>\n<li>obs\u0142ugi newslettera (podstawa przetwarzania &#8211; art. 6 ust. 1 lit. a RODO oraz art .6 ust. 1 lit. f RODO<\/li>\n<\/ol>\n<p><strong>3. Jakie dane osobowe b\u0119dziemy wykorzystywa\u0107?<\/strong><\/p>\n<p>Przetwarzane b\u0119d\u0105 wy\u0142\u0105cznie dane osobowe, kt\u00f3re mog\u0105 by\u0107 niezb\u0119dne do cel\u00f3w wskazanych w pkt 2 powy\u017cej. FIDELIO b\u0119dzie przetwarza\u0107 w szczeg\u00f3lno\u015bci:<\/p>\n<ul>\n<li>dane, kt\u00f3re Pan\/Pani podaje podczas rejestracji w naszej witrynie internetowej, czy te\u017c podczas uzupe\u0142nienia formularza kontaktowego, zam\u00f3wienia internetowego, zgody na newsletter tj. w szczeg\u00f3lno\u015bci dane takie jak: imi\u0119, nazwisko, adres e-mail, numer telefonu;<\/li>\n<\/ul>\n<p><strong>4. Jakimi \u015brodkami b\u0119dziemy przetwarza\u0107 Pana\/Pani dane osobowe?<\/strong><\/p>\n<p>Pana\/Pani dane osobowe b\u0119d\u0105 przetwarzane za po\u015brednictwem informatycznych system\u00f3w operacyjnych oraz formularzy papierowych.<\/p>\n<p><strong>5. Komu b\u0119dziemy udost\u0119pnia\u0107 Pana\/Pani dane osobowe?<\/strong><\/p>\n<p>W zawi\u0105zku z realizacj\u0105 us\u0142ug Pa\u0144stwa zebrane dane osobowe mog\u0105 by\u0107 przez nas przekazane podmiotom zewn\u0119trznym \u015bwiadcz\u0105cym naszej firmie us\u0142ugi niezb\u0119dne do realizacji prowadzonej przez Nas dzia\u0142alno\u015bci gospodarczej, w tym w szczeg\u00f3lno\u015bci:<\/p>\n<ul>\n<li>organom pa\u0144stwowym lub innym podmiotom uprawnionych na podstawie przepis\u00f3w prawa,<\/li>\n<li>podmiotom \u015bwiadcz\u0105cym dla naszej firmy us\u0142ugi z zakresu pomocy prawnej,<\/li>\n<li>podmiotowi \u015bwiadcz\u0105cemu naszej firmie us\u0142ugi z zakresu IT,<\/li>\n<li>podmiotowi zapewniaj\u0105cemu techniczno-organizacyjne funkcjonowanie witryny internetowej, w tym opcji komentowania czy te\u017c przesy\u0142ania newslettera.<\/li>\n<\/ul>\n<p>Pami\u0119taj, \u017ce w dowolnym momencie mo\u017cesz zwr\u00f3ci\u0107 si\u0119 do FIDELIO z pro\u015bb\u0105 o informacj\u0119 o podmiotach, kt\u00f3rym udost\u0119pnili\u015bmy Twoje dane osobowe w procesie obs\u0142ugi klienta.<\/p>\n<p>Je\u017celi wyrazi Pan\/Pani zgod\u0119 na wykorzystywanie Pana\/Pani danych w celach marketingu bezpo\u015bredniego (przekazywanie informacji handlowych) FIDELIO mo\u017ce przekaza\u0107 Pana\/Pani dane osobowe tak\u017ce do podmiot\u00f3w wsp\u00f3\u0142pracuj\u0105cych w ramach us\u0142ug z zakresu rozwoju osobistego i biznesowego.<\/p>\n<p><strong>6. Dlaczego wymagane jest przekazanie Pana\/Pani danych osobowych?<\/strong><\/p>\n<p>Podanie danych jest dobrowolne, ale niezb\u0119dne, by nawi\u0105za\u0107 kontakt lub umo\u017cliwi\u0107 skorzystanie z us\u0142ug sklepu internetowego, czy te\u017c us\u0142ug FIDELIO w zakresie rozwoju osobistego i biznesowego. Podanie danych osobowych umo\u017cliwia tak\u017ce komentowanie post\u00f3w na blogu.<\/p>\n<ol start=\"7\">\n<li><strong>Newsletter<\/strong><\/li>\n<\/ol>\n<p>W ramach witryny istnieje mo\u017cliwo\u015b\u0107 subskrybowania Newslettera. W tym celu konieczne jest podanie przez Pana\/Pani\u0105 adresu e-mail. Podaj\u0105c te dane wyra\u017casz zgod\u0119 na otrzymywanie informacji handlowych pochodz\u0105cych wy\u0142\u0105cznie od FIDELIO. Za po\u015brednictwem \u015brodka komunikacji elektronicznej (e-mail), informujemy o nowych wpisach na blogu, ofertach produkt\u00f3w wirtualnych, szkoleniach czy te\u017c promocjach w sklepie internetowym.<\/p>\n<p>Istnieje mo\u017cliwo\u015b\u0107 rezygnacji z subskrypcji w dowolnym momencie poprze klikni\u0119cie w link zawarty w ka\u017cdej wiadomo\u015bci otrzymanej w ramach Newslettera lub wysy\u0142aj\u0105c wiadomo\u015b\u0107 e-mail na adres: kontakt@untold.com.pl.<\/p>\n<ol start=\"8\">\n<li><strong>Komentarze <\/strong><\/li>\n<\/ol>\n<p>Istnieje mo\u017cliwo\u015b\u0107 dodawania komentarzy do post\u00f3w umieszczanych na blogu. W celu dodania komentarza konieczne jest podanie przynajmniej nazwy u\u017cytkownika, kt\u00f3ra b\u0119dzie przypisana do komentarza oraz adres e-mail. Nazwa u\u017cytkownika mo\u017ce zawiera\u0107 abstrakcyjn\u0105 nazw\u0119 albo dane osobowe np. imi\u0119 i nazwisko. Podanie ww. danych jest dobrowolne, ale niezb\u0119dne by doda\u0107 komentarz. Z systemu komentarzy mo\u017cna korzysta\u0107 jako zarejestrowany u\u017cytkownik albo u\u017cytkownik bez rejestracji.<\/p>\n<p>Dodany komentarz wraz z danymi upublicznionymi w ramach ustawie\u0144 systemu komentarzy b\u0119dzie widoczny na blogu. Komentarz w ka\u017cdej chwili mo\u017ce zosta\u0107 przez Pana\/Pani\u0105 usuni\u0119ty lub zmodyfikowany.<\/p>\n<p>System komentarzy obs\u0142ugiwany jest przez FIDELIO.<\/p>\n<ol start=\"9\">\n<li><strong>Jakie prawa przys\u0142uguj\u0105 Panu\/Pani w zwi\u0105zku z w\u0142asnymi danymi osobowymi?<\/strong><\/li>\n<\/ol>\n<p>W odniesieniu do w\u0142asnych danych osobowych przys\u0142uguj\u0105 Panu\/Pani nast\u0119puj\u0105ce prawa:<\/p>\n<ol>\n<li>dost\u0119p \u2013 mo\u017ce Pan\/Pani za\u017c\u0105da\u0107 udzielenia nieodp\u0142atnego dost\u0119pu do w\u0142asnych danych;<\/li>\n<li>sprostowanie &#8211; mo\u017ce Pan\/Pani wyst\u0105pi\u0107 do FIDELIO o skorygowanie nieprawid\u0142owych lub niepe\u0142nych danych osobowych;<\/li>\n<li>usuni\u0119cie \u2013 mo\u017ce Pan\/Pani wyst\u0105pi\u0107 do FIDELIO o usuni\u0119cie danych osobowych w przypadku, gdy zachodzi jedna z nast\u0119puj\u0105cych okoliczno\u015bci:<\/li>\n<\/ol>\n<ol type=\"a\">\n<li>dane osobowe nie s\u0105 ju\u017c niezb\u0119dne do cel\u00f3w, w kt\u00f3rych zosta\u0142y zebrane lub w inny spos\u00f3b przetwarzane;<\/li>\n<li>wycofa\u0142(-a) Pan\/Pani zgod\u0119, na kt\u00f3rej opiera si\u0119 przetwarzanie, i nie ma innej podstawy prawnej przetwarzania;<\/li>\n<li>wnosi Pan\/Pani sprzeciw wobec przetwarzania i nie wyst\u0119puj\u0105 nadrz\u0119dne prawnie uzasadnione podstawy przetwarzania lub wnosi Pan\/Pani sprzeciw wobec przetwarzania na potrzeby marketingu bezpo\u015bredniego;<\/li>\n<li>dane osobowe by\u0142y przetwarzane niezgodnie z prawem;<\/li>\n<li>dane osobowe musz\u0105 zosta\u0107 usuni\u0119te w celu wywi\u0105zania si\u0119 z obowi\u0105zku prawnego przewidzianego w prawie Unii lub prawie pa\u0144stwa cz\u0142onkowskiego, kt\u00f3remu podlega FIDELIO;<\/li>\n<li>dane osobowe zosta\u0142y zebrane w zwi\u0105zku z oferowaniem us\u0142ug spo\u0142ecze\u0144stwa informacyjnego.<\/li>\n<\/ol>\n<ol start=\"4\">\n<li>ograniczenie przetwarzania \u2013 mo\u017ce Pan\/Pani wyst\u0105pi\u0107 do FIDELIO o ograniczenie sposobu przetwarzania Pana\/Pani danych osobowych w przypadku, gdy zachodzi jedna z nast\u0119puj\u0105cych okoliczno\u015bci:<\/li>\n<\/ol>\n<ol type=\"a\">\n<li>kwestionuje Pan\/Pani prawid\u0142owo\u015b\u0107 swoich danych osobowych \u2013 na okres pozwalaj\u0105cy FIDELIO sprawdzi\u0107 prawid\u0142owo\u015b\u0107 tych danych;<\/li>\n<li>przetwarzanie jest niezgodne z prawem, a Pan\/Pani sprzeciwia si\u0119 usuni\u0119ciu danych osobowych, \u017c\u0105daj\u0105c w zamian ograniczenia ich wykorzystania;<\/li>\n<li>FIDELIO nie potrzebuje ju\u017c danych osobowych do cel\u00f3w przetwarzania, ale s\u0105 one potrzebne Panu\/Pani do ustalenia, dochodzenia lub obrony roszcze\u0144;<\/li>\n<li>wni\u00f3s\u0142\/wnios\u0142a Pan\/Pani sprzeciw wobec przetwarzania w zwi\u0105zku z prawem do sprzeciwu i zautomatyzowanego podejmowania decyzji \u2013 do czasu stwierdzenia, czy prawnie uzasadnione podstawy po stronie FIDELIO s\u0105 nadrz\u0119dne wobec Pana\/Pani sprzeciwu.<\/li>\n<\/ol>\n<ol start=\"5\">\n<li>przenoszenie danych &#8211; mo\u017ce Pan\/Pani wyst\u0105pi\u0107 do FIDELIO o przekazanie dostarczonych nam danych do innej organizacji lub wyst\u0105pi\u0107 o dostarczenie swoich danych osobowych w ustrukturyzowanym, powszechnie u\u017cywanym formacie nadaj\u0105cym si\u0119 do odczytu maszynowego.<\/li>\n<li>wycofanie zgody \u2013 mo\u017ce Pan\/Pani w dowolnym momencie wycofa\u0107 udzielon\u0105 zgod\u0119 na przetwarzanie swoich danych osobowych;<\/li>\n<li>sprzeciw \u2013 mo\u017ce Pan\/Pani wnie\u015b\u0107 sprzeciw wobec przetwarzania przez FIDELIO Pana\/Pani danych osobowych na potrzeby marketingu bezpo\u015bredniego lub w innej sytuacji przewidzianej w przepisach prawa poprzez powiadomienie o Pana\/Pani zastrze\u017ceniach.<\/li>\n<\/ol>\n<ol start=\"10\">\n<li><strong>W jaki spos\u00f3b mo\u017cna wnie\u015b\u0107 skarg\u0119?<\/strong><\/li>\n<\/ol>\n<p>Przys\u0142uguje Pani\/Panu prawo do wniesienia skargi do organu nadzorczego, tj. do Prezesa Urz\u0119du Ochrony Danych Osobowych<\/p>\n<ol start=\"11\">\n<li><strong>Jak d\u0142ugo b\u0119dziemy przechowywa\u0107 Pana\/Pani dane osobowe?<\/strong><\/li>\n<\/ol>\n<p>Pa\u0144stwa dane b\u0119dziemy przechowywa\u0107 przez okres niezb\u0119dny do cel\u00f3w, o kt\u00f3rych mowa powy\u017cej, lub przez okres wymagany przepisami prawa.<\/p>\n<p>W przypadku jakichkolwiek pyta\u0144 nale\u017cy skontaktowa\u0107 si\u0119 z Administratorem pod nast\u0119puj\u0105cym adresem do dor\u0119cze\u0144 Administratora ujawnionym w CEIDG:<\/p>\n<p>FIDELIO Aleksandra Strugalska<\/p>\n<p>ul. Zb\u0105szy\u0144ska 4 pok.1, \u0141\u00f3d\u017a 91-342<\/p>\n<ol start=\"12\">\n<li><strong>W jakim celu wykorzystujemy pliki cookies? <\/strong><\/li>\n<\/ol>\n<p>Nasza strona internetowa untold.com.pl u\u017cywa plik\u00f3w cookies (tzw. ciasteczka). Poprzez pliki \u201ccookies\u201d nale\u017cy rozumie\u0107 dane informatyczne przechowywane w urz\u0105dzeniach ko\u0144cowych u\u017cytkownik\u00f3w, przeznaczone do korzystania ze stron internetowych. W szczeg\u00f3lno\u015bci s\u0105 to pliki tekstowe, zawieraj\u0105ce nazw\u0119 strony internetowej, z kt\u00f3rej pochodz\u0105, czas przechowywania ich na urz\u0105dzeniu ko\u0144cowym oraz unikalny numer.<\/p>\n<p>Serwis nie zbiera w spos\u00f3b automatyczny \u017cadnych informacji, z wyj\u0105tkiem informacji zawartych w plikach cookies.<\/p>\n<p>Pliki cookies stosowane s\u0105 przede wszystkim w celu zapewnienia funkcjonalno\u015bci strony. Dzi\u0119ki nim mo\u017cemy umo\u017cliwi\u0107 korzystanie z us\u0142ug dost\u0119pnych w ramach serwisu, umo\u017cliwi\u0107 \u201ezapami\u0119tanie\u201d wybranych przez U\u017cytkownika ustawie\u0144 i personalizacj\u0119 interfejsu u\u017cytkownika, np. w zakresie wybranego j\u0119zyka lub regionu, z kt\u00f3rego pochodzi u\u017cytkownik, rozmiaru czcionki, wygl\u0105du strony internetowej itp., a tak\u017ce indywidualnie dostosowa\u0107 stron\u0119 do Twoich potrzeb.<\/p>\n<p>Strona wykorzystuje jednak pliki cookies tak\u017ce w celach statystycznych.<\/p>\n<p>Niekt\u00f3re pliki cookies s\u0105 tworzone przez podmiot, z us\u0142ug kt\u00f3rych korzystamy, tj. m.in. przez :<\/p>\n<ul>\n<li>Google Inc. \u2013 do analizy ruchu na stronie wykorzystujemy narz\u0119dzie Google Analytics, Google Ads. Wi\u0119cej informacji na temat ww. narz\u0119dzi znajdziesz na stronie : https:\/\/policies.google.com\/technologies\/cookies<\/li>\n<li>Facebook &#8211; Wi\u0119cej informacji o zasadach plik\u00f3w cookies mo\u017cesz znale\u017a\u0107 na: <u><a href=\"https:\/\/pl-pl.facebook.com\/policies\/cookies\/\">https:\/\/pl-pl.facebook.com\/policies\/cookies\/<\/a><\/u><\/li>\n<li>Mailchimp (The Rocket Science Group LLC) \u2013 do obs\u0142ugi newslettera i analizy ruchu na landing page oraz zachowa\u0144 u\u017cytkownika dotycz\u0105cych newslettera. Wi\u0119cej informacji na temat ww. narz\u0119dzia znajdziesz na stronie: <u><a href=\"https:\/\/mailchimp.com\/legal\/cookies\/\">https:\/\/mailchimp.com\/legal\/cookies\/<\/a><\/u><\/li>\n<\/ul>\n<p>Ka\u017cdy mo\u017ce zaakceptowa\u0107 pliki cookies albo je wy\u0142\u0105czy\u0107 w przegl\u0105darce, dzi\u0119ki czemu nie b\u0119d\u0105 zbierane \u017cadne informacje.<\/p>\n<p>Pami\u0119taj jednak, \u017ce zmiany ustawie\u0144 w przegl\u0105darce internetowej u\u017cytkownika w zakresie plik\u00f3w cookies mog\u0105 uniemo\u017cliwi\u0107 poprawne dzia\u0142anie stron internetowych.<\/p>\t\t\t\t\t\t<\/div>\n\t\t\t\t<\/div>\n\t\t\t\t\t<\/div>\n\t\t<\/div>\n\t\t\t\t\t\t\t<\/div>\n\t\t<\/section>\n\t\t\t\t\t\t\t<\/div>\n\t\t","protected":false},"excerpt":{"rendered":"<p>Polityka Prywatno\u015bci i plik\u00f3w cookies Celem niniejszej informacji o polityce ochrony prywatno\u015bci jest wyja\u015bnienie, w jaki spos\u00f3b i do jakich cel\u00f3w wykorzystujemy Pana\/Pani dane osobowe, a tak\u017ce w jakim celu wykorzystywane s\u0105 pliki cookies. Prosimy o uwa\u017cne zapoznanie si\u0119 z tre\u015bci\u0105 niniejszej informacji. 1.Kt\u00f3ry podmiot prawny b\u0119dzie wykorzystywa\u0107 Pa\u0144stwa dane osobowe? Administratorem Pa\u0144stwa danych osobowych [&hellip;]<\/p>\n","protected":false},"author":1,"featured_media":0,"parent":0,"menu_order":0,"comment_status":"closed","ping_status":"open","template":"","meta":{"footnotes":""},"class_list":["post-3","page","type-page","status-publish","hentry"],"yoast_head":"<!-- This site is optimized with the Yoast SEO plugin v21.4 - https:\/\/yoast.com\/wordpress\/plugins\/seo\/ -->\n<title>Polityka prywatno\u015bci - Untold<\/title>\n<meta name=\"robots\" content=\"index, follow, max-snippet:-1, max-image-preview:large, max-video-preview:-1\" \/>\n<link rel=\"canonical\" href=\"https:\/\/untold.com.pl\/pl\/polityka-prywatnosci\/\" \/>\n<meta property=\"og:locale\" content=\"pl_PL\" \/>\n<meta property=\"og:type\" content=\"article\" \/>\n<meta property=\"og:title\" content=\"Polityka prywatno\u015bci - Untold\" \/>\n<meta property=\"og:description\" content=\"Polityka Prywatno\u015bci i plik\u00f3w cookies Celem niniejszej informacji o polityce ochrony prywatno\u015bci jest wyja\u015bnienie, w jaki spos\u00f3b i do jakich cel\u00f3w wykorzystujemy Pana\/Pani dane osobowe, a tak\u017ce w jakim celu wykorzystywane s\u0105 pliki cookies. Prosimy o uwa\u017cne zapoznanie si\u0119 z tre\u015bci\u0105 niniejszej informacji. 1.Kt\u00f3ry podmiot prawny b\u0119dzie wykorzystywa\u0107 Pa\u0144stwa dane osobowe? Administratorem Pa\u0144stwa danych osobowych [&hellip;]\" \/>\n<meta property=\"og:url\" content=\"https:\/\/untold.com.pl\/pl\/polityka-prywatnosci\/\" \/>\n<meta property=\"og:site_name\" content=\"Untold\" \/>\n<meta property=\"article:modified_time\" content=\"2024-02-12T13:43:53+00:00\" \/>\n<meta name=\"twitter:card\" content=\"summary_large_image\" \/>\n<meta name=\"twitter:label1\" content=\"Szacowany czas czytania\" \/>\n\t<meta name=\"twitter:data1\" content=\"9 minut\" \/>\n<script type=\"application\/ld+json\" class=\"yoast-schema-graph\">{\"@context\":\"https:\/\/schema.org\",\"@graph\":[{\"@type\":\"WebPage\",\"@id\":\"https:\/\/untold.com.pl\/pl\/polityka-prywatnosci\/\",\"url\":\"https:\/\/untold.com.pl\/pl\/polityka-prywatnosci\/\",\"name\":\"Polityka prywatno\u015bci - Untold\",\"isPartOf\":{\"@id\":\"https:\/\/untold.com.pl\/#website\"},\"datePublished\":\"2021-02-06T19:18:21+00:00\",\"dateModified\":\"2024-02-12T13:43:53+00:00\",\"breadcrumb\":{\"@id\":\"https:\/\/untold.com.pl\/pl\/polityka-prywatnosci\/#breadcrumb\"},\"inLanguage\":\"pl-PL\",\"potentialAction\":[{\"@type\":\"ReadAction\",\"target\":[\"https:\/\/untold.com.pl\/pl\/polityka-prywatnosci\/\"]}]},{\"@type\":\"BreadcrumbList\",\"@id\":\"https:\/\/untold.com.pl\/pl\/polityka-prywatnosci\/#breadcrumb\",\"itemListElement\":[{\"@type\":\"ListItem\",\"position\":1,\"name\":\"Strona g\u0142\u00f3wna\",\"item\":\"https:\/\/untold.com.pl\/pl\/\"},{\"@type\":\"ListItem\",\"position\":2,\"name\":\"Polityka prywatno\u015bci\"}]},{\"@type\":\"WebSite\",\"@id\":\"https:\/\/untold.com.pl\/#website\",\"url\":\"https:\/\/untold.com.pl\/\",\"name\":\"Untold\",\"description\":\"blog\",\"publisher\":{\"@id\":\"https:\/\/untold.com.pl\/#organization\"},\"potentialAction\":[{\"@type\":\"SearchAction\",\"target\":{\"@type\":\"EntryPoint\",\"urlTemplate\":\"https:\/\/untold.com.pl\/?s={search_term_string}\"},\"query-input\":\"required name=search_term_string\"}],\"inLanguage\":\"pl-PL\"},{\"@type\":\"Organization\",\"@id\":\"https:\/\/untold.com.pl\/#organization\",\"name\":\"UNTOLD Aleksandra Strugalska\",\"url\":\"https:\/\/untold.com.pl\/\",\"logo\":{\"@type\":\"ImageObject\",\"inLanguage\":\"pl-PL\",\"@id\":\"https:\/\/untold.com.pl\/#\/schema\/logo\/image\/\",\"url\":\"https:\/\/untold.com.pl\/wp-content\/uploads\/2021\/08\/full.png\",\"contentUrl\":\"https:\/\/untold.com.pl\/wp-content\/uploads\/2021\/08\/full.png\",\"width\":254,\"height\":117,\"caption\":\"UNTOLD Aleksandra Strugalska\"},\"image\":{\"@id\":\"https:\/\/untold.com.pl\/#\/schema\/logo\/image\/\"}}]}<\/script>\n<!-- \/ Yoast SEO plugin. -->","yoast_head_json":{"title":"Polityka prywatno\u015bci - Untold","robots":{"index":"index","follow":"follow","max-snippet":"max-snippet:-1","max-image-preview":"max-image-preview:large","max-video-preview":"max-video-preview:-1"},"canonical":"https:\/\/untold.com.pl\/pl\/polityka-prywatnosci\/","og_locale":"pl_PL","og_type":"article","og_title":"Polityka prywatno\u015bci - Untold","og_description":"Polityka Prywatno\u015bci i plik\u00f3w cookies Celem niniejszej informacji o polityce ochrony prywatno\u015bci jest wyja\u015bnienie, w jaki spos\u00f3b i do jakich cel\u00f3w wykorzystujemy Pana\/Pani dane osobowe, a tak\u017ce w jakim celu wykorzystywane s\u0105 pliki cookies. Prosimy o uwa\u017cne zapoznanie si\u0119 z tre\u015bci\u0105 niniejszej informacji. 1.Kt\u00f3ry podmiot prawny b\u0119dzie wykorzystywa\u0107 Pa\u0144stwa dane osobowe? Administratorem Pa\u0144stwa danych osobowych [&hellip;]","og_url":"https:\/\/untold.com.pl\/pl\/polityka-prywatnosci\/","og_site_name":"Untold","article_modified_time":"2024-02-12T13:43:53+00:00","twitter_card":"summary_large_image","twitter_misc":{"Szacowany czas czytania":"9 minut"},"schema":{"@context":"https:\/\/schema.org","@graph":[{"@type":"WebPage","@id":"https:\/\/untold.com.pl\/pl\/polityka-prywatnosci\/","url":"https:\/\/untold.com.pl\/pl\/polityka-prywatnosci\/","name":"Polityka prywatno\u015bci - Untold","isPartOf":{"@id":"https:\/\/untold.com.pl\/#website"},"datePublished":"2021-02-06T19:18:21+00:00","dateModified":"2024-02-12T13:43:53+00:00","breadcrumb":{"@id":"https:\/\/untold.com.pl\/pl\/polityka-prywatnosci\/#breadcrumb"},"inLanguage":"pl-PL","potentialAction":[{"@type":"ReadAction","target":["https:\/\/untold.com.pl\/pl\/polityka-prywatnosci\/"]}]},{"@type":"BreadcrumbList","@id":"https:\/\/untold.com.pl\/pl\/polityka-prywatnosci\/#breadcrumb","itemListElement":[{"@type":"ListItem","position":1,"name":"Strona g\u0142\u00f3wna","item":"https:\/\/untold.com.pl\/pl\/"},{"@type":"ListItem","position":2,"name":"Polityka prywatno\u015bci"}]},{"@type":"WebSite","@id":"https:\/\/untold.com.pl\/#website","url":"https:\/\/untold.com.pl\/","name":"Untold","description":"blog","publisher":{"@id":"https:\/\/untold.com.pl\/#organization"},"potentialAction":[{"@type":"SearchAction","target":{"@type":"EntryPoint","urlTemplate":"https:\/\/untold.com.pl\/?s={search_term_string}"},"query-input":"required name=search_term_string"}],"inLanguage":"pl-PL"},{"@type":"Organization","@id":"https:\/\/untold.com.pl\/#organization","name":"UNTOLD Aleksandra Strugalska","url":"https:\/\/untold.com.pl\/","logo":{"@type":"ImageObject","inLanguage":"pl-PL","@id":"https:\/\/untold.com.pl\/#\/schema\/logo\/image\/","url":"https:\/\/untold.com.pl\/wp-content\/uploads\/2021\/08\/full.png","contentUrl":"https:\/\/untold.com.pl\/wp-content\/uploads\/2021\/08\/full.png","width":254,"height":117,"caption":"UNTOLD Aleksandra Strugalska"},"image":{"@id":"https:\/\/untold.com.pl\/#\/schema\/logo\/image\/"}}]}},"_links":{"self":[{"href":"https:\/\/untold.com.pl\/pl\/wp-json\/wp\/v2\/pages\/3","targetHints":{"allow":["GET"]}}],"collection":[{"href":"https:\/\/untold.com.pl\/pl\/wp-json\/wp\/v2\/pages"}],"about":[{"href":"https:\/\/untold.com.pl\/pl\/wp-json\/wp\/v2\/types\/page"}],"author":[{"embeddable":true,"href":"https:\/\/untold.com.pl\/pl\/wp-json\/wp\/v2\/users\/1"}],"replies":[{"embeddable":true,"href":"https:\/\/untold.com.pl\/pl\/wp-json\/wp\/v2\/comments?post=3"}],"version-history":[{"count":45,"href":"https:\/\/untold.com.pl\/pl\/wp-json\/wp\/v2\/pages\/3\/revisions"}],"predecessor-version":[{"id":9556,"href":"https:\/\/untold.com.pl\/pl\/wp-json\/wp\/v2\/pages\/3\/revisions\/9556"}],"wp:attachment":[{"href":"https:\/\/untold.com.pl\/pl\/wp-json\/wp\/v2\/media?parent=3"}],"curies":[{"name":"wp","href":"https:\/\/api.w.org\/{rel}","templated":true}]}}